{"id":17,"date":"2023-03-03T12:33:04","date_gmt":"2023-03-03T12:33:04","guid":{"rendered":"https:\/\/designtreppe.at\/?page_id=17"},"modified":"2023-05-04T13:39:19","modified_gmt":"2023-05-04T13:39:19","slug":"galeria","status":"publish","type":"page","link":"https:\/\/designtreppe.at\/de\/galeria\/","title":{"rendered":"Galerie"},"content":{"rendered":"<style>\r\n                #foogallery-gallery-443.fg-masonry .fg-item {\r\n                    width: 350px;\r\n                    margin-right: 10px;\r\n                    margin-bottom: 10px;\r\n                }\r\n\t\t\t<\/style>\r\n\t\t\t<div class=\"foogallery foogallery-container foogallery-masonry foogallery-lightbox-foobox fg-center fg-masonry fg-dark fg-loading-partial fg-loaded-fade-in fg-hover-fade fg-hover-zoom2 fg-ready fg-fixed\" id=\"foogallery-gallery-443\" data-foogallery=\"{&quot;item&quot;:{&quot;showCaptionTitle&quot;:false,&quot;showCaptionDescription&quot;:false},&quot;lazy&quot;:true,&quot;template&quot;:{&quot;columnWidth&quot;:350,&quot;gutter&quot;:10}}\" >\r\n\t\t<div class=\"fg-item fg-type-image fg-idle\"><figure class=\"fg-item-inner\"><a href=\"https:\/\/designtreppe.at\/wp-content\/uploads\/2023\/04\/fugg.jpg\" data-attachment-id=\"571\" data-type=\"image\" class=\"fg-thumb\"><span class=\"fg-image-wrap\"><img fetchpriority=\"high\" decoding=\"async\" width=\"350\" height=\"197\" class=\"skip-lazy fg-image\" data-src-fg=\"https:\/\/designtreppe.at\/wp-content\/uploads\/cache\/2023\/04\/fugg\/853652506.jpg\" src=\"data:image\/svg+xml,%3Csvg%20xmlns%3D%22http%3A%2F%2Fwww.w3.org%2F2000%2Fsvg%22%20width%3D%22350%22%20height%3D%22197%22%20viewBox%3D%220%200%20350%20197%22%3E%3C%2Fsvg%3E\" loading=\"eager\"><\/span><span class=\"fg-image-overlay\"><\/span><\/a><figcaption class=\"fg-caption\"><div class=\"fg-caption-inner\"><\/div><\/figcaption><\/figure><div class=\"fg-loader\"><\/div><\/div><div class=\"fg-item fg-type-image fg-idle\"><figure class=\"fg-item-inner\"><a href=\"https:\/\/designtreppe.at\/wp-content\/uploads\/2023\/03\/partnereinknek2.jpg\" data-attachment-id=\"403\" data-type=\"image\" class=\"fg-thumb\"><span class=\"fg-image-wrap\"><img decoding=\"async\" width=\"350\" height=\"350\" class=\"skip-lazy fg-image\" data-src-fg=\"https:\/\/designtreppe.at\/wp-content\/uploads\/cache\/2023\/03\/partnereinknek2\/1360133978.jpg\" src=\"data:image\/svg+xml,%3Csvg%20xmlns%3D%22http%3A%2F%2Fwww.w3.org%2F2000%2Fsvg%22%20width%3D%22350%22%20height%3D%22350%22%20viewBox%3D%220%200%20350%20350%22%3E%3C%2Fsvg%3E\" loading=\"eager\"><\/span><span class=\"fg-image-overlay\"><\/span><\/a><figcaption class=\"fg-caption\"><div class=\"fg-caption-inner\"><\/div><\/figcaption><\/figure><div class=\"fg-loader\"><\/div><\/div><div class=\"fg-item fg-type-image fg-idle\"><figure class=\"fg-item-inner\"><a href=\"https:\/\/designtreppe.at\/wp-content\/uploads\/2023\/04\/RI6A7137.jpg\" data-attachment-id=\"573\" data-type=\"image\" class=\"fg-thumb\"><span class=\"fg-image-wrap\"><img decoding=\"async\" width=\"350\" height=\"233\" class=\"skip-lazy fg-image\" data-src-fg=\"https:\/\/designtreppe.at\/wp-content\/uploads\/cache\/2023\/04\/RI6A7137\/1483080905.jpg\" src=\"data:image\/svg+xml,%3Csvg%20xmlns%3D%22http%3A%2F%2Fwww.w3.org%2F2000%2Fsvg%22%20width%3D%22350%22%20height%3D%22233%22%20viewBox%3D%220%200%20350%20233%22%3E%3C%2Fsvg%3E\" loading=\"eager\"><\/span><span class=\"fg-image-overlay\"><\/span><\/a><figcaption class=\"fg-caption\"><div class=\"fg-caption-inner\"><\/div><\/figcaption><\/figure><div class=\"fg-loader\"><\/div><\/div><div class=\"fg-item fg-type-image fg-idle\"><figure class=\"fg-item-inner\"><a href=\"https:\/\/designtreppe.at\/wp-content\/uploads\/2023\/03\/IMG_20221130_194420.jpg\" data-attachment-id=\"360\" data-type=\"image\" class=\"fg-thumb\"><span class=\"fg-image-wrap\"><img decoding=\"async\" width=\"350\" height=\"467\" class=\"skip-lazy fg-image\" data-src-fg=\"https:\/\/designtreppe.at\/wp-content\/uploads\/cache\/2023\/03\/IMG_20221130_194420\/2933952987.jpg\" src=\"data:image\/svg+xml,%3Csvg%20xmlns%3D%22http%3A%2F%2Fwww.w3.org%2F2000%2Fsvg%22%20width%3D%22350%22%20height%3D%22467%22%20viewBox%3D%220%200%20350%20467%22%3E%3C%2Fsvg%3E\" loading=\"eager\"><\/span><span class=\"fg-image-overlay\"><\/span><\/a><figcaption class=\"fg-caption\"><div class=\"fg-caption-inner\"><\/div><\/figcaption><\/figure><div class=\"fg-loader\"><\/div><\/div><div class=\"fg-item fg-type-image fg-idle\"><figure class=\"fg-item-inner\"><a href=\"https:\/\/designtreppe.at\/wp-content\/uploads\/2023\/03\/IMG_20221130_194257.jpg\" data-attachment-id=\"359\" data-type=\"image\" class=\"fg-thumb\"><span class=\"fg-image-wrap\"><img decoding=\"async\" width=\"350\" height=\"467\" class=\"skip-lazy fg-image\" data-src-fg=\"https:\/\/designtreppe.at\/wp-content\/uploads\/cache\/2023\/03\/IMG_20221130_194257\/2926785000.jpg\" src=\"data:image\/svg+xml,%3Csvg%20xmlns%3D%22http%3A%2F%2Fwww.w3.org%2F2000%2Fsvg%22%20width%3D%22350%22%20height%3D%22467%22%20viewBox%3D%220%200%20350%20467%22%3E%3C%2Fsvg%3E\" loading=\"eager\"><\/span><span class=\"fg-image-overlay\"><\/span><\/a><figcaption class=\"fg-caption\"><div class=\"fg-caption-inner\"><\/div><\/figcaption><\/figure><div class=\"fg-loader\"><\/div><\/div><div class=\"fg-item fg-type-image fg-idle\"><figure class=\"fg-item-inner\"><a href=\"https:\/\/designtreppe.at\/wp-content\/uploads\/2023\/03\/IMG_20220815_121252.jpg\" data-attachment-id=\"358\" data-type=\"image\" class=\"fg-thumb\"><span class=\"fg-image-wrap\"><img decoding=\"async\" width=\"350\" height=\"263\" class=\"skip-lazy fg-image\" data-src-fg=\"https:\/\/designtreppe.at\/wp-content\/uploads\/cache\/2023\/03\/IMG_20220815_121252\/2302635175.jpg\" src=\"data:image\/svg+xml,%3Csvg%20xmlns%3D%22http%3A%2F%2Fwww.w3.org%2F2000%2Fsvg%22%20width%3D%22350%22%20height%3D%22263%22%20viewBox%3D%220%200%20350%20263%22%3E%3C%2Fsvg%3E\" loading=\"eager\"><\/span><span class=\"fg-image-overlay\"><\/span><\/a><figcaption class=\"fg-caption\"><div class=\"fg-caption-inner\"><\/div><\/figcaption><\/figure><div class=\"fg-loader\"><\/div><\/div><div class=\"fg-item fg-type-image fg-idle\"><figure class=\"fg-item-inner\"><a href=\"https:\/\/designtreppe.at\/wp-content\/uploads\/2023\/03\/IMG_20210325_142347.jpg\" data-attachment-id=\"357\" data-type=\"image\" class=\"fg-thumb\"><span class=\"fg-image-wrap\"><img decoding=\"async\" width=\"350\" height=\"263\" class=\"skip-lazy fg-image\" data-src-fg=\"https:\/\/designtreppe.at\/wp-content\/uploads\/cache\/2023\/03\/IMG_20210325_142347\/3276586013.jpg\" src=\"data:image\/svg+xml,%3Csvg%20xmlns%3D%22http%3A%2F%2Fwww.w3.org%2F2000%2Fsvg%22%20width%3D%22350%22%20height%3D%22263%22%20viewBox%3D%220%200%20350%20263%22%3E%3C%2Fsvg%3E\" loading=\"eager\"><\/span><span class=\"fg-image-overlay\"><\/span><\/a><figcaption class=\"fg-caption\"><div class=\"fg-caption-inner\"><\/div><\/figcaption><\/figure><div class=\"fg-loader\"><\/div><\/div><div class=\"fg-item fg-type-image fg-idle\"><figure class=\"fg-item-inner\"><a href=\"https:\/\/designtreppe.at\/wp-content\/uploads\/2023\/03\/IMG_20180620_133029.jpg\" data-attachment-id=\"356\" data-type=\"image\" class=\"fg-thumb\"><span class=\"fg-image-wrap\"><img decoding=\"async\" width=\"350\" height=\"263\" class=\"skip-lazy fg-image\" data-src-fg=\"https:\/\/designtreppe.at\/wp-content\/uploads\/cache\/2023\/03\/IMG_20180620_133029\/412363338.jpg\" src=\"data:image\/svg+xml,%3Csvg%20xmlns%3D%22http%3A%2F%2Fwww.w3.org%2F2000%2Fsvg%22%20width%3D%22350%22%20height%3D%22263%22%20viewBox%3D%220%200%20350%20263%22%3E%3C%2Fsvg%3E\" loading=\"eager\"><\/span><span class=\"fg-image-overlay\"><\/span><\/a><figcaption class=\"fg-caption\"><div class=\"fg-caption-inner\"><\/div><\/figcaption><\/figure><div class=\"fg-loader\"><\/div><\/div><div class=\"fg-item fg-type-image fg-idle\"><figure class=\"fg-item-inner\"><a href=\"https:\/\/designtreppe.at\/wp-content\/uploads\/2023\/03\/IMG_7117.jpg\" data-attachment-id=\"355\" data-type=\"image\" class=\"fg-thumb\"><span class=\"fg-image-wrap\"><img decoding=\"async\" width=\"350\" height=\"235\" class=\"skip-lazy fg-image\" data-src-fg=\"https:\/\/designtreppe.at\/wp-content\/uploads\/cache\/2023\/03\/IMG_7117\/2704201628.jpg\" src=\"data:image\/svg+xml,%3Csvg%20xmlns%3D%22http%3A%2F%2Fwww.w3.org%2F2000%2Fsvg%22%20width%3D%22350%22%20height%3D%22235%22%20viewBox%3D%220%200%20350%20235%22%3E%3C%2Fsvg%3E\" loading=\"eager\"><\/span><span class=\"fg-image-overlay\"><\/span><\/a><figcaption class=\"fg-caption\"><div class=\"fg-caption-inner\"><\/div><\/figcaption><\/figure><div class=\"fg-loader\"><\/div><\/div><div class=\"fg-item fg-type-image fg-idle\"><figure class=\"fg-item-inner\"><a href=\"https:\/\/designtreppe.at\/wp-content\/uploads\/2023\/03\/20160819_134350.jpg\" data-attachment-id=\"353\" data-type=\"image\" class=\"fg-thumb\"><span class=\"fg-image-wrap\"><img decoding=\"async\" width=\"350\" height=\"197\" class=\"skip-lazy fg-image\" data-src-fg=\"https:\/\/designtreppe.at\/wp-content\/uploads\/cache\/2023\/03\/20160819_134350\/748241883.jpg\" src=\"data:image\/svg+xml,%3Csvg%20xmlns%3D%22http%3A%2F%2Fwww.w3.org%2F2000%2Fsvg%22%20width%3D%22350%22%20height%3D%22197%22%20viewBox%3D%220%200%20350%20197%22%3E%3C%2Fsvg%3E\" loading=\"eager\"><\/span><span class=\"fg-image-overlay\"><\/span><\/a><figcaption class=\"fg-caption\"><div class=\"fg-caption-inner\"><\/div><\/figcaption><\/figure><div class=\"fg-loader\"><\/div><\/div><div class=\"fg-item fg-type-image fg-idle\"><figure class=\"fg-item-inner\"><a href=\"https:\/\/designtreppe.at\/wp-content\/uploads\/2023\/03\/3.jpg\" data-attachment-id=\"352\" data-type=\"image\" class=\"fg-thumb\"><span class=\"fg-image-wrap\"><img decoding=\"async\" width=\"350\" height=\"467\" class=\"skip-lazy fg-image\" data-src-fg=\"https:\/\/designtreppe.at\/wp-content\/uploads\/cache\/2023\/03\/3\/407299123.jpg\" src=\"data:image\/svg+xml,%3Csvg%20xmlns%3D%22http%3A%2F%2Fwww.w3.org%2F2000%2Fsvg%22%20width%3D%22350%22%20height%3D%22467%22%20viewBox%3D%220%200%20350%20467%22%3E%3C%2Fsvg%3E\" loading=\"eager\"><\/span><span class=\"fg-image-overlay\"><\/span><\/a><figcaption class=\"fg-caption\"><div class=\"fg-caption-inner\"><\/div><\/figcaption><\/figure><div class=\"fg-loader\"><\/div><\/div><div class=\"fg-item fg-type-image fg-idle\"><figure class=\"fg-item-inner\"><a href=\"https:\/\/designtreppe.at\/wp-content\/uploads\/2023\/04\/IMG_2732.jpg\" data-attachment-id=\"572\" data-type=\"image\" class=\"fg-thumb\"><span class=\"fg-image-wrap\"><img decoding=\"async\" width=\"350\" height=\"263\" class=\"skip-lazy fg-image\" data-src-fg=\"https:\/\/designtreppe.at\/wp-content\/uploads\/cache\/2023\/04\/IMG_2732\/2987290013.jpg\" src=\"data:image\/svg+xml,%3Csvg%20xmlns%3D%22http%3A%2F%2Fwww.w3.org%2F2000%2Fsvg%22%20width%3D%22350%22%20height%3D%22263%22%20viewBox%3D%220%200%20350%20263%22%3E%3C%2Fsvg%3E\" loading=\"eager\"><\/span><span class=\"fg-image-overlay\"><\/span><\/a><figcaption class=\"fg-caption\"><div class=\"fg-caption-inner\"><\/div><\/figcaption><\/figure><div class=\"fg-loader\"><\/div><\/div><div class=\"fg-item fg-type-image fg-idle\"><figure class=\"fg-item-inner\"><a href=\"https:\/\/designtreppe.at\/wp-content\/uploads\/2023\/03\/CAM00524.jpg\" data-attachment-id=\"354\" data-type=\"image\" class=\"fg-thumb\"><span class=\"fg-image-wrap\"><img decoding=\"async\" width=\"350\" height=\"467\" class=\"skip-lazy fg-image\" data-src-fg=\"https:\/\/designtreppe.at\/wp-content\/uploads\/cache\/2023\/03\/CAM00524\/3291461211.jpg\" src=\"data:image\/svg+xml,%3Csvg%20xmlns%3D%22http%3A%2F%2Fwww.w3.org%2F2000%2Fsvg%22%20width%3D%22350%22%20height%3D%22467%22%20viewBox%3D%220%200%20350%20467%22%3E%3C%2Fsvg%3E\" loading=\"eager\"><\/span><span class=\"fg-image-overlay\"><\/span><\/a><figcaption class=\"fg-caption\"><div class=\"fg-caption-inner\"><\/div><\/figcaption><\/figure><div class=\"fg-loader\"><\/div><\/div><\/div>","protected":false},"excerpt":{"rendered":"","protected":false},"author":1,"featured_media":292,"parent":0,"menu_order":0,"comment_status":"closed","ping_status":"closed","template":"","meta":{"_acf_changed":false,"footnotes":""},"class_list":["post-17","page","type-page","status-publish","has-post-thumbnail","hentry"],"acf":[],"yoast_head":"<!-- This site is optimized with the Yoast SEO plugin v22.0 - https:\/\/yoast.com\/wordpress\/plugins\/seo\/ -->\n<title>Gal\u00e9ria - TopStep<\/title>\n<meta name=\"robots\" content=\"index, follow, max-snippet:-1, max-image-preview:large, max-video-preview:-1\" \/>\n<link rel=\"canonical\" href=\"https:\/\/designtreppe.at\/de\/galeria\/\" \/>\n<meta property=\"og:locale\" content=\"de_DE\" \/>\n<meta property=\"og:type\" content=\"article\" \/>\n<meta property=\"og:title\" content=\"Gal\u00e9ria - TopStep\" \/>\n<meta property=\"og:url\" content=\"https:\/\/designtreppe.at\/de\/galeria\/\" \/>\n<meta property=\"og:site_name\" content=\"TopStep\" \/>\n<meta property=\"article:publisher\" content=\"https:\/\/www.facebook.com\/topstep888\" \/>\n<meta property=\"article:modified_time\" content=\"2023-05-04T13:39:19+00:00\" \/>\n<meta property=\"og:image\" content=\"https:\/\/designtreppe.at\/wp-content\/uploads\/2023\/03\/galeria.jpg\" \/>\n\t<meta property=\"og:image:width\" content=\"2000\" \/>\n\t<meta property=\"og:image:height\" content=\"854\" \/>\n\t<meta property=\"og:image:type\" content=\"image\/jpeg\" \/>\n<meta name=\"twitter:card\" content=\"summary_large_image\" \/>\n<meta name=\"twitter:label1\" content=\"Gesch\u00e4tzte Lesezeit\" \/>\n\t<meta name=\"twitter:data1\" content=\"1\u00a0Minute\" \/>\n<script type=\"application\/ld+json\" class=\"yoast-schema-graph\">{\"@context\":\"https:\/\/schema.org\",\"@graph\":[{\"@type\":\"WebPage\",\"@id\":\"https:\/\/designtreppe.at\/galeria\/\",\"url\":\"https:\/\/designtreppe.at\/galeria\/\",\"name\":\"Gal\u00e9ria - TopStep\",\"isPartOf\":{\"@id\":\"https:\/\/designtreppe.at\/#website\"},\"datePublished\":\"2023-03-03T12:33:04+00:00\",\"dateModified\":\"2023-05-04T13:39:19+00:00\",\"breadcrumb\":{\"@id\":\"https:\/\/designtreppe.at\/galeria\/#breadcrumb\"},\"inLanguage\":\"de\",\"potentialAction\":[{\"@type\":\"ReadAction\",\"target\":[\"https:\/\/designtreppe.at\/galeria\/\"]}]},{\"@type\":\"BreadcrumbList\",\"@id\":\"https:\/\/designtreppe.at\/galeria\/#breadcrumb\",\"itemListElement\":[{\"@type\":\"ListItem\",\"position\":1,\"name\":\"Kezd\u0151lap\",\"item\":\"https:\/\/designtreppe.at\/\"},{\"@type\":\"ListItem\",\"position\":2,\"name\":\"Gal\u00e9ria\"}]},{\"@type\":\"WebSite\",\"@id\":\"https:\/\/designtreppe.at\/#website\",\"url\":\"https:\/\/designtreppe.at\/\",\"name\":\"Modern \u00e9s tart\u00f3s l\u00e9pcs\u0151k 30 \u00e9v garanci\u00e1val | TopStep\",\"description\":\"Ingyenes helysz\u00edni felm\u00e9r\u00e9ssel, t\u00f6bb mint 11 \u00e9v tapasztalattal \u00e9s 11.000 meg\u00e9p\u00edtett l\u00e9pcs\u0151vel garant\u00e1ljuk, hogy el\u00e9gedett lesz l\u00e9pcs\u0151j\u00e9vel.\",\"potentialAction\":[{\"@type\":\"SearchAction\",\"target\":{\"@type\":\"EntryPoint\",\"urlTemplate\":\"https:\/\/designtreppe.at\/?s={search_term_string}\"},\"query-input\":\"required name=search_term_string\"}],\"inLanguage\":\"de\"}]}<\/script>\n<!-- \/ Yoast SEO plugin. -->","yoast_head_json":{"title":"Gal\u00e9ria - TopStep","robots":{"index":"index","follow":"follow","max-snippet":"max-snippet:-1","max-image-preview":"max-image-preview:large","max-video-preview":"max-video-preview:-1"},"canonical":"https:\/\/designtreppe.at\/de\/galeria\/","og_locale":"de_DE","og_type":"article","og_title":"Gal\u00e9ria - TopStep","og_url":"https:\/\/designtreppe.at\/de\/galeria\/","og_site_name":"TopStep","article_publisher":"https:\/\/www.facebook.com\/topstep888","article_modified_time":"2023-05-04T13:39:19+00:00","og_image":[{"width":2000,"height":854,"url":"https:\/\/designtreppe.at\/wp-content\/uploads\/2023\/03\/galeria.jpg","type":"image\/jpeg"}],"twitter_card":"summary_large_image","twitter_misc":{"Gesch\u00e4tzte Lesezeit":"1\u00a0Minute"},"schema":{"@context":"https:\/\/schema.org","@graph":[{"@type":"WebPage","@id":"https:\/\/designtreppe.at\/galeria\/","url":"https:\/\/designtreppe.at\/galeria\/","name":"Gal\u00e9ria - TopStep","isPartOf":{"@id":"https:\/\/designtreppe.at\/#website"},"datePublished":"2023-03-03T12:33:04+00:00","dateModified":"2023-05-04T13:39:19+00:00","breadcrumb":{"@id":"https:\/\/designtreppe.at\/galeria\/#breadcrumb"},"inLanguage":"de","potentialAction":[{"@type":"ReadAction","target":["https:\/\/designtreppe.at\/galeria\/"]}]},{"@type":"BreadcrumbList","@id":"https:\/\/designtreppe.at\/galeria\/#breadcrumb","itemListElement":[{"@type":"ListItem","position":1,"name":"Kezd\u0151lap","item":"https:\/\/designtreppe.at\/"},{"@type":"ListItem","position":2,"name":"Gal\u00e9ria"}]},{"@type":"WebSite","@id":"https:\/\/designtreppe.at\/#website","url":"https:\/\/designtreppe.at\/","name":"Modern \u00e9s tart\u00f3s l\u00e9pcs\u0151k 30 \u00e9v garanci\u00e1val | TopStep","description":"Ingyenes helysz\u00edni felm\u00e9r\u00e9ssel, t\u00f6bb mint 11 \u00e9v tapasztalattal \u00e9s 11.000 meg\u00e9p\u00edtett l\u00e9pcs\u0151vel garant\u00e1ljuk, hogy el\u00e9gedett lesz l\u00e9pcs\u0151j\u00e9vel.","potentialAction":[{"@type":"SearchAction","target":{"@type":"EntryPoint","urlTemplate":"https:\/\/designtreppe.at\/?s={search_term_string}"},"query-input":"required name=search_term_string"}],"inLanguage":"de"}]}},"_links":{"self":[{"href":"https:\/\/designtreppe.at\/de\/wp-json\/wp\/v2\/pages\/17","targetHints":{"allow":["GET"]}}],"collection":[{"href":"https:\/\/designtreppe.at\/de\/wp-json\/wp\/v2\/pages"}],"about":[{"href":"https:\/\/designtreppe.at\/de\/wp-json\/wp\/v2\/types\/page"}],"author":[{"embeddable":true,"href":"https:\/\/designtreppe.at\/de\/wp-json\/wp\/v2\/users\/1"}],"replies":[{"embeddable":true,"href":"https:\/\/designtreppe.at\/de\/wp-json\/wp\/v2\/comments?post=17"}],"version-history":[{"count":6,"href":"https:\/\/designtreppe.at\/de\/wp-json\/wp\/v2\/pages\/17\/revisions"}],"predecessor-version":[{"id":474,"href":"https:\/\/designtreppe.at\/de\/wp-json\/wp\/v2\/pages\/17\/revisions\/474"}],"wp:featuredmedia":[{"embeddable":true,"href":"https:\/\/designtreppe.at\/de\/wp-json\/wp\/v2\/media\/292"}],"wp:attachment":[{"href":"https:\/\/designtreppe.at\/de\/wp-json\/wp\/v2\/media?parent=17"}],"curies":[{"name":"wp","href":"https:\/\/api.w.org\/{rel}","templated":true}]}}