{"id":15,"date":"2023-03-03T12:32:55","date_gmt":"2023-03-03T12:32:55","guid":{"rendered":"https:\/\/designtreppe.at\/?page_id=15"},"modified":"2023-03-20T14:56:44","modified_gmt":"2023-03-20T14:56:44","slug":"tipusok-es-arak","status":"publish","type":"page","link":"https:\/\/designtreppe.at\/de\/tipusok-es-arak\/","title":{"rendered":"Typen und Preise"},"content":{"rendered":"","protected":false},"excerpt":{"rendered":"","protected":false},"author":1,"featured_media":290,"parent":0,"menu_order":0,"comment_status":"closed","ping_status":"closed","template":"tipusokesarak.php","meta":{"_acf_changed":false,"footnotes":""},"class_list":["post-15","page","type-page","status-publish","has-post-thumbnail","hentry"],"acf":[],"yoast_head":"<!-- This site is optimized with the Yoast SEO plugin v22.0 - https:\/\/yoast.com\/wordpress\/plugins\/seo\/ -->\n<title>T\u00edpusok \u00e9s \u00e1rak - TopStep<\/title>\n<meta name=\"robots\" content=\"index, follow, max-snippet:-1, max-image-preview:large, max-video-preview:-1\" \/>\n<link rel=\"canonical\" href=\"https:\/\/designtreppe.at\/de\/tipusok-es-arak\/\" \/>\n<meta property=\"og:locale\" content=\"de_DE\" \/>\n<meta property=\"og:type\" content=\"article\" \/>\n<meta property=\"og:title\" content=\"T\u00edpusok \u00e9s \u00e1rak - TopStep\" \/>\n<meta property=\"og:url\" content=\"https:\/\/designtreppe.at\/de\/tipusok-es-arak\/\" \/>\n<meta property=\"og:site_name\" content=\"TopStep\" \/>\n<meta property=\"article:publisher\" content=\"https:\/\/www.facebook.com\/topstep888\" \/>\n<meta property=\"article:modified_time\" content=\"2023-03-20T14:56:44+00:00\" \/>\n<meta property=\"og:image\" content=\"https:\/\/designtreppe.at\/wp-content\/uploads\/2023\/03\/tipusokesarak.jpg\" \/>\n\t<meta property=\"og:image:width\" content=\"2000\" \/>\n\t<meta property=\"og:image:height\" content=\"854\" \/>\n\t<meta property=\"og:image:type\" content=\"image\/jpeg\" \/>\n<meta name=\"twitter:card\" content=\"summary_large_image\" \/>\n<script type=\"application\/ld+json\" class=\"yoast-schema-graph\">{\"@context\":\"https:\/\/schema.org\",\"@graph\":[{\"@type\":\"WebPage\",\"@id\":\"https:\/\/designtreppe.at\/tipusok-es-arak\/\",\"url\":\"https:\/\/designtreppe.at\/tipusok-es-arak\/\",\"name\":\"T\u00edpusok \u00e9s \u00e1rak - TopStep\",\"isPartOf\":{\"@id\":\"https:\/\/designtreppe.at\/#website\"},\"datePublished\":\"2023-03-03T12:32:55+00:00\",\"dateModified\":\"2023-03-20T14:56:44+00:00\",\"breadcrumb\":{\"@id\":\"https:\/\/designtreppe.at\/tipusok-es-arak\/#breadcrumb\"},\"inLanguage\":\"de\",\"potentialAction\":[{\"@type\":\"ReadAction\",\"target\":[\"https:\/\/designtreppe.at\/tipusok-es-arak\/\"]}]},{\"@type\":\"BreadcrumbList\",\"@id\":\"https:\/\/designtreppe.at\/tipusok-es-arak\/#breadcrumb\",\"itemListElement\":[{\"@type\":\"ListItem\",\"position\":1,\"name\":\"Kezd\u0151lap\",\"item\":\"https:\/\/designtreppe.at\/\"},{\"@type\":\"ListItem\",\"position\":2,\"name\":\"T\u00edpusok \u00e9s \u00e1rak\"}]},{\"@type\":\"WebSite\",\"@id\":\"https:\/\/designtreppe.at\/#website\",\"url\":\"https:\/\/designtreppe.at\/\",\"name\":\"Modern \u00e9s tart\u00f3s l\u00e9pcs\u0151k 30 \u00e9v garanci\u00e1val | TopStep\",\"description\":\"Ingyenes helysz\u00edni felm\u00e9r\u00e9ssel, t\u00f6bb mint 11 \u00e9v tapasztalattal \u00e9s 11.000 meg\u00e9p\u00edtett l\u00e9pcs\u0151vel garant\u00e1ljuk, hogy el\u00e9gedett lesz l\u00e9pcs\u0151j\u00e9vel.\",\"potentialAction\":[{\"@type\":\"SearchAction\",\"target\":{\"@type\":\"EntryPoint\",\"urlTemplate\":\"https:\/\/designtreppe.at\/?s={search_term_string}\"},\"query-input\":\"required name=search_term_string\"}],\"inLanguage\":\"de\"}]}<\/script>\n<!-- \/ Yoast SEO plugin. -->","yoast_head_json":{"title":"T\u00edpusok \u00e9s \u00e1rak - TopStep","robots":{"index":"index","follow":"follow","max-snippet":"max-snippet:-1","max-image-preview":"max-image-preview:large","max-video-preview":"max-video-preview:-1"},"canonical":"https:\/\/designtreppe.at\/de\/tipusok-es-arak\/","og_locale":"de_DE","og_type":"article","og_title":"T\u00edpusok \u00e9s \u00e1rak - TopStep","og_url":"https:\/\/designtreppe.at\/de\/tipusok-es-arak\/","og_site_name":"TopStep","article_publisher":"https:\/\/www.facebook.com\/topstep888","article_modified_time":"2023-03-20T14:56:44+00:00","og_image":[{"width":2000,"height":854,"url":"https:\/\/designtreppe.at\/wp-content\/uploads\/2023\/03\/tipusokesarak.jpg","type":"image\/jpeg"}],"twitter_card":"summary_large_image","schema":{"@context":"https:\/\/schema.org","@graph":[{"@type":"WebPage","@id":"https:\/\/designtreppe.at\/tipusok-es-arak\/","url":"https:\/\/designtreppe.at\/tipusok-es-arak\/","name":"T\u00edpusok \u00e9s \u00e1rak - TopStep","isPartOf":{"@id":"https:\/\/designtreppe.at\/#website"},"datePublished":"2023-03-03T12:32:55+00:00","dateModified":"2023-03-20T14:56:44+00:00","breadcrumb":{"@id":"https:\/\/designtreppe.at\/tipusok-es-arak\/#breadcrumb"},"inLanguage":"de","potentialAction":[{"@type":"ReadAction","target":["https:\/\/designtreppe.at\/tipusok-es-arak\/"]}]},{"@type":"BreadcrumbList","@id":"https:\/\/designtreppe.at\/tipusok-es-arak\/#breadcrumb","itemListElement":[{"@type":"ListItem","position":1,"name":"Kezd\u0151lap","item":"https:\/\/designtreppe.at\/"},{"@type":"ListItem","position":2,"name":"T\u00edpusok \u00e9s \u00e1rak"}]},{"@type":"WebSite","@id":"https:\/\/designtreppe.at\/#website","url":"https:\/\/designtreppe.at\/","name":"Modern \u00e9s tart\u00f3s l\u00e9pcs\u0151k 30 \u00e9v garanci\u00e1val | TopStep","description":"Ingyenes helysz\u00edni felm\u00e9r\u00e9ssel, t\u00f6bb mint 11 \u00e9v tapasztalattal \u00e9s 11.000 meg\u00e9p\u00edtett l\u00e9pcs\u0151vel garant\u00e1ljuk, hogy el\u00e9gedett lesz l\u00e9pcs\u0151j\u00e9vel.","potentialAction":[{"@type":"SearchAction","target":{"@type":"EntryPoint","urlTemplate":"https:\/\/designtreppe.at\/?s={search_term_string}"},"query-input":"required name=search_term_string"}],"inLanguage":"de"}]}},"_links":{"self":[{"href":"https:\/\/designtreppe.at\/de\/wp-json\/wp\/v2\/pages\/15","targetHints":{"allow":["GET"]}}],"collection":[{"href":"https:\/\/designtreppe.at\/de\/wp-json\/wp\/v2\/pages"}],"about":[{"href":"https:\/\/designtreppe.at\/de\/wp-json\/wp\/v2\/types\/page"}],"author":[{"embeddable":true,"href":"https:\/\/designtreppe.at\/de\/wp-json\/wp\/v2\/users\/1"}],"replies":[{"embeddable":true,"href":"https:\/\/designtreppe.at\/de\/wp-json\/wp\/v2\/comments?post=15"}],"version-history":[{"count":3,"href":"https:\/\/designtreppe.at\/de\/wp-json\/wp\/v2\/pages\/15\/revisions"}],"predecessor-version":[{"id":291,"href":"https:\/\/designtreppe.at\/de\/wp-json\/wp\/v2\/pages\/15\/revisions\/291"}],"wp:featuredmedia":[{"embeddable":true,"href":"https:\/\/designtreppe.at\/de\/wp-json\/wp\/v2\/media\/290"}],"wp:attachment":[{"href":"https:\/\/designtreppe.at\/de\/wp-json\/wp\/v2\/media?parent=15"}],"curies":[{"name":"wp","href":"https:\/\/api.w.org\/{rel}","templated":true}]}}